{"id":3,"date":"2025-07-03T19:04:36","date_gmt":"2025-07-03T19:04:36","guid":{"rendered":"https:\/\/christoph-poppen.com\/?page_id=3"},"modified":"2025-10-15T10:31:18","modified_gmt":"2025-10-15T10:31:18","slug":"privacy","status":"publish","type":"page","link":"https:\/\/christoph-poppen.com\/de\/privacy\/","title":{"rendered":"Privacy Policy"},"content":{"rendered":"<div data-elementor-type=\"wp-page\" data-elementor-id=\"3\" class=\"elementor elementor-3\">\n\t\t\t\t\t\t<section class=\"elementor-section elementor-top-section elementor-element elementor-element-98619e2 elementor-section-stretched elementor-section-boxed elementor-section-height-default elementor-section-height-default\" data-id=\"98619e2\" data-element_type=\"section\" data-e-type=\"section\" data-settings=\"{&quot;stretch_section&quot;:&quot;section-stretched&quot;,&quot;background_background&quot;:&quot;classic&quot;}\">\n\t\t\t\t\t\t<div class=\"elementor-container elementor-column-gap-default\">\n\t\t\t\t\t<div class=\"elementor-column elementor-col-100 elementor-top-column elementor-element elementor-element-d14beb4\" data-id=\"d14beb4\" data-element_type=\"column\" data-e-type=\"column\">\n\t\t\t<div class=\"elementor-widget-wrap\">\n\t\t\t\t\t\t\t<\/div>\n\t\t<\/div>\n\t\t\t\t\t<\/div>\n\t\t<\/section>\n\t\t\t\t<section class=\"elementor-section elementor-top-section elementor-element elementor-element-30f69f74 elementor-section-boxed elementor-section-height-default elementor-section-height-default\" data-id=\"30f69f74\" data-element_type=\"section\" data-e-type=\"section\">\n\t\t\t\t\t\t<div class=\"elementor-container elementor-column-gap-wider\">\n\t\t\t\t\t<div class=\"elementor-column elementor-col-50 elementor-top-column elementor-element elementor-element-23f7882\" data-id=\"23f7882\" data-element_type=\"column\" data-e-type=\"column\">\n\t\t\t<div class=\"elementor-widget-wrap elementor-element-populated\">\n\t\t\t\t\t\t<div class=\"elementor-element elementor-element-c5d2b50 elementor-widget elementor-widget-text-editor\" data-id=\"c5d2b50\" data-element_type=\"widget\" data-e-type=\"widget\" data-widget_type=\"text-editor.default\">\n\t\t\t\t\t\t\t\t\t<h4><span style=\"color: #000000;\">1. Grundlegendes \/ Basics<\/span><\/h4><p><em><span style=\"text-decoration: underline;\"><span style=\"color: #000000; text-decoration: underline;\">Deutsch<\/span><\/span><\/em><\/p><p><span style=\"color: #000000;\">Der Schutz Ihrer personenbezogenen Daten ist uns wichtig. Diese Website erhebt, verarbeitet und nutzt Ihre Daten nur im gesetzlich zul\u00e4ssigen Rahmen (DSGVO). Personenbezogene Daten sind alle Informationen, die Sie pers\u00f6nlich identifizieren k\u00f6nnen <\/span><span style=\"color: #000000;\">(z. B. Name, <\/span><span style=\"color: #000000;\">E-Mail-Adresse).<\/span><br \/><span style=\"color: #000000;\">Diese Website bietet keine Kontaktformulare oder Newsletter-Abonnements an.<\/span><\/p><p><em><span style=\"text-decoration: underline;\"><span style=\"color: #000000; text-decoration: underline;\">English<\/span><\/span><\/em><\/p><p><span style=\"color: #000000;\">The protection of your personal data is important to us. This website collects, processes, and uses your data only within the legally permitted framework (GDPR). Personal data means any information that can personally identify you (e.g., name, email address).<\/span><br \/><span style=\"color: #000000;\">This website does not use contact forms or newsletter subscriptions.<\/span><\/p><hr \/><h4><span style=\"color: #000000;\">2. Zugriffsdaten \/ Access Data<\/span><\/h4><p><em><span style=\"text-decoration: underline;\"><span style=\"color: #000000; text-decoration: underline;\">Deutsch<\/span><\/span><\/em><\/p><p><span style=\"color: #000000;\">Beim Besuch der Website werden automatisch folgende Daten als Server-Logfiles erfasst:<\/span><\/p><ul><li><span style=\"color: #000000;\">Besuchte Seite<\/span><\/li><li><span style=\"color: #000000;\">Datum und Uhrzeit<\/span><\/li><li><span style=\"color: #000000;\">Browser und Betriebssystem<\/span><\/li><li><span style=\"color: #000000;\">IP-Adresse<\/span><\/li><\/ul><p><span style=\"color: #000000;\">Diese Daten werden maximal 7 Tage gespeichert und ausschlie\u00dflich zur Sicherheit, Analyse und Abwehr von Angriffen verwendet. Eine Identifizierung einzelner Personen findet nicht statt.<\/span><\/p><p><em><span style=\"text-decoration: underline;\"><span style=\"color: #000000; text-decoration: underline;\">Englisch<\/span><\/span><\/em><\/p><p><span style=\"color: #000000;\">When visiting the website, the following data is automatically recorded as server log files:<\/span><\/p><ul><li><span style=\"color: #000000;\">Visited page<\/span><\/li><li><span style=\"color: #000000;\">Date and time<\/span><\/li><li><span style=\"color: #000000;\">Browser and operating system<\/span><\/li><li><span style=\"color: #000000;\">IP address<\/span><\/li><\/ul><p><span style=\"color: #000000;\">These data are stored for a maximum of 7 days and are used solely for security, analysis, and protection against attacks. They are not used to identify individual users.<\/span><\/p><hr \/><h4><span style=\"color: #000000;\">3. Kontaktaufnahme \/ Contact<\/span><\/h4><p><em><span style=\"text-decoration: underline;\"><span style=\"color: #000000; text-decoration: underline;\">Deutsch<\/span><\/span><\/em><\/p><p><span style=\"color: #000000;\">Eine Kontaktaufnahme ist \u00fcber Mailto-Links oder E-Mail-Buttons m\u00f6glich. Die angegebenen Daten (z. B. Name, E-Mail-Adresse) werden ausschlie\u00dflich zur Beantwortung Ihrer Anfrage verwendet und nicht an Dritte weitergegeben.<\/span><\/p><p><em><span style=\"text-decoration: underline;\"><span style=\"color: #000000; text-decoration: underline;\">English<\/span><\/span><\/em><\/p><p><span style=\"color: #000000;\">Visitors can contact us via mailto-links or email buttons. The information you provide (e.g., name, email address) is used only to respond to your inquiry and is not shared with third parties.<\/span><\/p><hr \/><h5><span style=\"color: #000000;\">4. Social Media &amp; Externe Links \/ Social Media &amp; External Links<\/span><\/h5><p><em><span style=\"text-decoration: underline;\"><span style=\"color: #000000; text-decoration: underline;\">Deutsch<\/span><\/span><\/em><\/p><p><span style=\"color: #000000;\">Diese Website enth\u00e4lt Links zu Social-Media-Profilen, externen Websites (z. B. Konzertseiten), sowie Links zu Telefonkontakten und Informationen \u00fcber den Dirigenten und Konzerte. Wenn Sie diese Links anklicken, k\u00f6nnen Daten an Drittanbieter \u00fcbertragen werden. Wir haben darauf keinen Einfluss und verarbeiten diese Daten nicht.<\/span><\/p><p><em><span style=\"text-decoration: underline;\"><span style=\"color: #000000; text-decoration: underline;\">English<\/span><\/span><\/em><\/p><p><span style=\"color: #000000;\">The website contains links to social media profiles, external websites (e.g., concert pages), telephone contacts, and information about the conductor and concerts. Clicking these links may transmit data to third parties. We have no control over this and do not process this data.<\/span><\/p><hr \/><h2>\u00a0\u00a0<\/h2>\t\t\t\t\t\t\t\t<\/div>\n\t\t\t\t\t<\/div>\n\t\t<\/div>\n\t\t\t\t<div class=\"elementor-column elementor-col-50 elementor-top-column elementor-element elementor-element-11eff919\" data-id=\"11eff919\" data-element_type=\"column\" data-e-type=\"column\">\n\t\t\t<div class=\"elementor-widget-wrap elementor-element-populated\">\n\t\t\t\t\t\t<div class=\"elementor-element elementor-element-3bcef0 elementor-widget elementor-widget-text-editor\" data-id=\"3bcef0\" data-element_type=\"widget\" data-e-type=\"widget\" data-widget_type=\"text-editor.default\">\n\t\t\t\t\t\t\t\t\t<h4><span style=\"color: #000000;\">5. Cookies<\/span><\/h4><p><em><span style=\"text-decoration: underline;\"><span style=\"color: #000000; text-decoration: underline;\">Deutsch<\/span><\/span><\/em><\/p><p><span style=\"color: #000000;\">Diese Website verwendet keine Tracking- oder Analyse-Cookies. Technisch notwendige Cookies, die ggf. vom Hosting-Anbieter gesetzt werden, enthalten keine personenbezogenen Daten und dienen ausschlie\u00dflich der Funktionalit\u00e4t der Website.<\/span><\/p><p><em><span style=\"text-decoration: underline;\"><span style=\"color: #000000; text-decoration: underline;\">English<\/span><\/span><\/em><\/p><p><span style=\"color: #000000;\">This website does not use tracking or analytics cookies. Technically necessary cookies that may be set by the hosting provider do not contain personal data and are used only to ensure website functionality.<\/span><\/p><hr \/><h4><span style=\"color: #000000;\">6. SSL-Verschl\u00fcsselung \/ SSL Encryption<\/span><\/h4><p><em><span style=\"text-decoration: underline;\"><span style=\"color: #000000; text-decoration: underline;\">Deutsch<\/span><\/span><\/em><\/p><p><span style=\"color: #000000;\">Alle Daten\u00fcbertragungen auf dieser Website erfolgen ausschlie\u00dflich \u00fcber SSL-verschl\u00fcsselte Verbindungen (https). Dadurch wird verhindert, dass Daten von Dritten w\u00e4hrend der \u00dcbertragung ausgelesen oder manipuliert werden k\u00f6nnen.<\/span><\/p><p><em><span style=\"text-decoration: underline;\"><span style=\"color: #000000; text-decoration: underline;\">English<\/span><\/span><\/em><\/p><p><span style=\"color: #000000;\">All data transmissions on this website are carried out exclusively via SSL-encrypted connections (https). This prevents third parties from reading or manipulating data during transmission.<\/span><\/p><hr \/><h4><span style=\"color: #000000;\">7. Rechte der Nutzer \/ User Rights<\/span><\/h4><p><em><span style=\"text-decoration: underline;\"><span style=\"color: #000000; text-decoration: underline;\">Deutsch<\/span><\/span><\/em><\/p><p><span style=\"color: #000000;\">Sie haben das Recht, Auskunft \u00fcber die gespeicherten personenbezogenen Daten zu erhalten, deren Berichtigung, Sperrung oder L\u00f6schung zu verlangen sowie der Verarbeitung zu widersprechen.<\/span><\/p><p><em><span style=\"text-decoration: underline;\"><span style=\"color: #000000; text-decoration: underline;\">English<\/span><\/span><\/em><\/p><p><span style=\"color: #000000;\">You have the right to request information about the personal data stored about you, request correction, blocking, or deletion of your data, and object to its processing.<\/span><\/p><hr \/><h4><span style=\"color: #000000;\">8. Kontakt f\u00fcr Datenschutzanfragen \/ Contact for Privacy Inquiries<\/span><\/h4><p><em><span style=\"text-decoration: underline;\"><span style=\"color: #000000; text-decoration: underline;\">Deutsch<\/span><\/span><\/em><\/p><p><span style=\"color: #000000;\">F\u00fcr Fragen oder Anliegen zur Erhebung, Verarbeitung oder Nutzung Ihrer personenbezogenen Daten wenden Sie sich bitte an:<\/span><br \/><strong><a style=\"background-color: #fcfbf8;\" href=\"mailto:office@christoph-poppen.com\">o<\/a><a href=\"mailto:office@christoph-poppen.com\" target=\"_blank\" rel=\"noopener\">ffice@christoph-poppen.com<\/a><\/strong><\/p><p><em><span style=\"text-decoration: underline;\"><span style=\"color: #000000; text-decoration: underline;\">English<\/span><\/span><\/em><\/p><p><span style=\"color: #000000;\">For questions or concerns regarding the collection, processing, or use of your personal data, please contact:<\/span><br \/><strong><a style=\"background-color: #fcfbf8;\" href=\"mailto:office@christoph-poppen.com\">o<\/a><a href=\"mailto:office@christoph-poppen.com\" target=\"_blank\" rel=\"noopener\">ffice@christoph-poppen.com<\/a><\/strong><\/p>\t\t\t\t\t\t\t\t<\/div>\n\t\t\t\t\t<\/div>\n\t\t<\/div>\n\t\t\t\t\t<\/div>\n\t\t<\/section>\n\t\t\t\t<\/div>","protected":false},"excerpt":{"rendered":"<p>1. Grundlegendes \/ Basics Deutsch Der Schutz Ihrer personenbezogenen Daten ist uns wichtig. Diese Website erhebt, verarbeitet und nutzt Ihre Daten nur im gesetzlich zul\u00e4ssigen Rahmen (DSGVO). Personenbezogene Daten sind alle Informationen, die Sie pers\u00f6nlich identifizieren k\u00f6nnen (z. B. Name, E-Mail-Adresse).Diese Website bietet keine Kontaktformulare oder Newsletter-Abonnements an. English The protection of your personal data [&hellip;]<\/p>\n","protected":false},"author":1,"featured_media":0,"parent":0,"menu_order":0,"comment_status":"closed","ping_status":"closed","template":"","meta":{"footnotes":""},"class_list":["post-3","page","type-page","status-publish","hentry"],"_links":{"self":[{"href":"https:\/\/christoph-poppen.com\/de\/wp-json\/wp\/v2\/pages\/3","targetHints":{"allow":["GET"]}}],"collection":[{"href":"https:\/\/christoph-poppen.com\/de\/wp-json\/wp\/v2\/pages"}],"about":[{"href":"https:\/\/christoph-poppen.com\/de\/wp-json\/wp\/v2\/types\/page"}],"author":[{"embeddable":true,"href":"https:\/\/christoph-poppen.com\/de\/wp-json\/wp\/v2\/users\/1"}],"replies":[{"embeddable":true,"href":"https:\/\/christoph-poppen.com\/de\/wp-json\/wp\/v2\/comments?post=3"}],"version-history":[{"count":33,"href":"https:\/\/christoph-poppen.com\/de\/wp-json\/wp\/v2\/pages\/3\/revisions"}],"predecessor-version":[{"id":6450,"href":"https:\/\/christoph-poppen.com\/de\/wp-json\/wp\/v2\/pages\/3\/revisions\/6450"}],"wp:attachment":[{"href":"https:\/\/christoph-poppen.com\/de\/wp-json\/wp\/v2\/media?parent=3"}],"curies":[{"name":"wp","href":"https:\/\/api.w.org\/{rel}","templated":true}]}}