{"id":5324,"date":"2025-09-15T12:32:53","date_gmt":"2025-09-15T12:32:53","guid":{"rendered":"https:\/\/christoph-poppen.com\/?page_id=5324"},"modified":"2025-10-15T10:27:48","modified_gmt":"2025-10-15T10:27:48","slug":"imprint","status":"publish","type":"page","link":"https:\/\/christoph-poppen.com\/de\/imprint\/","title":{"rendered":"Imprint"},"content":{"rendered":"<div data-elementor-type=\"wp-page\" data-elementor-id=\"5324\" class=\"elementor elementor-5324\">\n\t\t\t\t\t\t<section class=\"elementor-section elementor-top-section elementor-element elementor-element-bca2a0e elementor-section-stretched elementor-section-boxed elementor-section-height-default elementor-section-height-default\" data-id=\"bca2a0e\" data-element_type=\"section\" data-e-type=\"section\" data-settings=\"{&quot;stretch_section&quot;:&quot;section-stretched&quot;,&quot;background_background&quot;:&quot;classic&quot;}\">\n\t\t\t\t\t\t<div class=\"elementor-container elementor-column-gap-default\">\n\t\t\t\t\t<div class=\"elementor-column elementor-col-100 elementor-top-column elementor-element elementor-element-888a208\" data-id=\"888a208\" data-element_type=\"column\" data-e-type=\"column\">\n\t\t\t<div class=\"elementor-widget-wrap elementor-element-populated\">\n\t\t\t\t\t\t<div class=\"elementor-element elementor-element-a696572 elementor-widget elementor-widget-spacer\" data-id=\"a696572\" data-element_type=\"widget\" data-e-type=\"widget\" data-widget_type=\"spacer.default\">\n\t\t\t\t\t\t\t<div class=\"elementor-spacer\">\n\t\t\t<div class=\"elementor-spacer-inner\"><\/div>\n\t\t<\/div>\n\t\t\t\t\t\t<\/div>\n\t\t\t\t<div class=\"elementor-element elementor-element-427308d elementor-widget__width-initial animated-slow elementor-invisible elementor-widget elementor-widget-conflux_core_section_title\" data-id=\"427308d\" data-element_type=\"widget\" data-e-type=\"widget\" data-settings=\"{&quot;_animation&quot;:&quot;fadeInUp&quot;}\" data-widget_type=\"conflux_core_section_title.default\">\n\t\t\t\t<div class=\"elementor-widget-container\">\n\t\t\t\t\t<div class=\"qodef-shortcode qodef-m  qodef-section-title qodef-alignment--left\" style=\"--qode-title-color: #454F56;--qode-title-decorated-color: #454F56\">\n\t\t<h4 class=\"qodef-m-title\">\n\t\t\t\t\t<span>Imprint &amp; Disclaimer \t\t\t<\/h4>\n\t<\/div>\n\t\t\t\t<\/div>\n\t\t\t\t<\/div>\n\t\t\t\t<div class=\"elementor-element elementor-element-6a40662 elementor-widget elementor-widget-spacer\" data-id=\"6a40662\" data-element_type=\"widget\" data-e-type=\"widget\" data-widget_type=\"spacer.default\">\n\t\t\t\t\t\t\t<div class=\"elementor-spacer\">\n\t\t\t<div class=\"elementor-spacer-inner\"><\/div>\n\t\t<\/div>\n\t\t\t\t\t\t<\/div>\n\t\t\t\t<div class=\"elementor-element elementor-element-bc9ffe5 elementor-tabs-view-horizontal elementor-widget elementor-widget-tabs\" data-id=\"bc9ffe5\" data-element_type=\"widget\" data-e-type=\"widget\" data-widget_type=\"tabs.default\">\n\t\t\t\t\t\t\t<div class=\"elementor-tabs\">\n\t\t\t<div class=\"elementor-tabs-wrapper\" role=\"tablist\" >\n\t\t\t\t\t\t\t\t\t<div id=\"elementor-tab-title-1971\" class=\"elementor-tab-title elementor-tab-desktop-title\" aria-selected=\"true\" data-tab=\"1\" role=\"tab\" tabindex=\"0\" aria-controls=\"elementor-tab-content-1971\" aria-expanded=\"false\">Impressum \/ Imprint\u2028<\/div>\n\t\t\t\t\t\t\t\t\t<div id=\"elementor-tab-title-1972\" class=\"elementor-tab-title elementor-tab-desktop-title\" aria-selected=\"false\" data-tab=\"2\" role=\"tab\" tabindex=\"-1\" aria-controls=\"elementor-tab-content-1972\" aria-expanded=\"false\">Haftungsausschluss \/ Disclaimer<\/div>\n\t\t\t\t\t\t\t\t\t<div id=\"elementor-tab-title-1973\" class=\"elementor-tab-title elementor-tab-desktop-title\" aria-selected=\"false\" data-tab=\"3\" role=\"tab\" tabindex=\"-1\" aria-controls=\"elementor-tab-content-1973\" aria-expanded=\"false\">Urheberrecht \/ Copyright<\/div>\n\t\t\t\t\t\t\t<\/div>\n\t\t\t<div class=\"elementor-tabs-content-wrapper\" role=\"tablist\" aria-orientation=\"vertical\">\n\t\t\t\t\t\t\t\t\t<div class=\"elementor-tab-title elementor-tab-mobile-title\" aria-selected=\"true\" data-tab=\"1\" role=\"tab\" tabindex=\"0\" aria-controls=\"elementor-tab-content-1971\" aria-expanded=\"false\">Impressum \/ Imprint\u2028<\/div>\n\t\t\t\t\t<div id=\"elementor-tab-content-1971\" class=\"elementor-tab-content elementor-clearfix\" data-tab=\"1\" role=\"tabpanel\" aria-labelledby=\"elementor-tab-title-1971\" tabindex=\"0\" hidden=\"false\"><h6><strong>Christoph Poppen Dirigent \/ Conductor<\/strong><\/h6>\n<h6>E-Mail \/ E-mail: <span class=\"s1\"><a href=\"mailto:office@christoph-poppen.com\"><span class=\"s2\">office@christoph-poppen.com<\/span><\/a><\/span><\/h6>\n<h6><strong>K\u00fcnstlerische Vertretung \/ Artistic Representation<\/strong><\/h6>\n<h6>HARRISONPARROT\u2028Johannisplatz 3a\u2028D \u2013 81667 M\u00fcnchen \/ Munich, Germany\u2028<\/h6>\n<h6>Telefon \/ Phone: +49 (0)89 6797 1040\u2028<\/h6>\n<h6>E-Mail \/ E-mail: maria.wagner@harrisonparrott.de<\/h6>\n<h6>Vertretungsberechtigte Gesch\u00e4ftsf\u00fchrerin \/ Managing Director: Sabine Frank<\/h6>\n<h6><strong>Verantwortlich f\u00fcr den Inhalt nach \u00a7 55 Abs. 2 RStV \/ Responsible for content according to \u00a7 55 para. 2 RStV:&nbsp;<\/strong><\/h6>\n<h6>Christoph Poppen \/ Name, Anschrift wie oben \/ same address as above<\/h6>\n<h6>&nbsp;<\/h6><\/div>\n\t\t\t\t\t\t\t\t\t<div class=\"elementor-tab-title elementor-tab-mobile-title\" aria-selected=\"false\" data-tab=\"2\" role=\"tab\" tabindex=\"-1\" aria-controls=\"elementor-tab-content-1972\" aria-expanded=\"false\">Haftungsausschluss \/ Disclaimer<\/div>\n\t\t\t\t\t<div id=\"elementor-tab-content-1972\" class=\"elementor-tab-content elementor-clearfix\" data-tab=\"2\" role=\"tabpanel\" aria-labelledby=\"elementor-tab-title-1972\" tabindex=\"0\" hidden=\"hidden\"><h6><strong>Haftung f\u00fcr Inhalte \/ Liability for Content<\/strong><br \/>Die Inhalte unserer Seiten wurden mit gr\u00f6\u00dfter Sorgfalt erstellt. F\u00fcr die Richtigkeit, Vollst\u00e4ndigkeit und Aktualit\u00e4t der Inhalte k\u00f6nnen wir jedoch keine Gew\u00e4hr \u00fcbernehmen. Als Diensteanbieter sind wir gem\u00e4\u00df \u00a7 7 Abs. 1 TMG f\u00fcr eigene Inhalte auf diesen Seiten nach den allgemeinen Gesetzen verantwortlich. Nach \u00a7\u00a7 8 bis 10 TMG sind wir als Diensteanbieter jedoch nicht verpflichtet, \u00fcbermittelte oder gespeicherte fremde Informationen zu \u00fcberwachen oder nach Umst\u00e4nden zu forschen, die auf eine rechtswidrige T\u00e4tigkeit hinweisen. Verpflichtungen zur Entfernung oder Sperrung der Nutzung von Informationen nach den allgemeinen Gesetzen bleiben hiervon unber\u00fchrt. Eine diesbez\u00fcgliche Haftung ist jedoch erst ab dem Zeitpunkt der Kenntnis einer konkreten Rechtsverletzung m\u00f6glich. Bei Bekanntwerden von entsprechenden Rechtsverletzungen werden wir diese Inhalte umgehend entfernen.<\/h6><h6><em>The contents of our pages have been created with the utmost care. However, we cannot guarantee the accuracy, completeness, or timeliness of the contents. As a service provider, we are responsible for our own content on these pages in accordance with \u00a7 7 (1) TMG and general legislation. According to \u00a7\u00a7 8 to 10 TMG, we are not obliged to monitor transmitted or stored third-party information or to investigate circumstances that indicate illegal activity. Obligations to remove or block the use of information under general law remain unaffected. Liability in this regard is only possible from the time of knowledge of a specific legal violation. Upon notification of such violations, we will remove the content immediately.<\/em><\/h6><h6><strong>Haftung f\u00fcr Links \/ Liability for Links<\/strong><br \/>Unser Angebot enth\u00e4lt Links zu externen Webseiten Dritter, auf deren Inhalte wir keinen Einfluss haben. Deshalb k\u00f6nnen wir f\u00fcr diese fremden Inhalte auch keine Gew\u00e4hr \u00fcbernehmen. F\u00fcr die Inhalte der verlinkten Seiten ist stets der jeweilige Anbieter oder Betreiber der Seiten verantwortlich. Die verlinkten Seiten wurden zum Zeitpunkt der Verlinkung auf m\u00f6gliche Rechtsverst\u00f6\u00dfe \u00fcberpr\u00fcft. Rechtswidrige Inhalte waren zum Zeitpunkt der Verlinkung nicht erkennbar. Eine permanente inhaltliche Kontrolle der verlinkten Seiten ist jedoch ohne konkrete Anhaltspunkte einer Rechtsverletzung nicht zumutbar. Bei Bekanntwerden von Rechtsverletzungen werden wir derartige Links umgehend entfernen.<\/h6><h6><em>Our website contains links to external websites of third parties, over whose content we have no influence. Therefore, we cannot assume any liability for this external content. The respective provider or operator of the linked pages is always responsible for the content of those pages. The linked sites were checked for possible legal violations at the time of linking. Illegal content was not recognizable at that time. Permanent monitoring of the content of the linked pages, however, is not reasonable without concrete evidence of a legal violation. Upon notification of violations, we will remove such links immediately.<\/em><\/h6><\/div>\n\t\t\t\t\t\t\t\t\t<div class=\"elementor-tab-title elementor-tab-mobile-title\" aria-selected=\"false\" data-tab=\"3\" role=\"tab\" tabindex=\"-1\" aria-controls=\"elementor-tab-content-1973\" aria-expanded=\"false\">Urheberrecht \/ Copyright<\/div>\n\t\t\t\t\t<div id=\"elementor-tab-content-1973\" class=\"elementor-tab-content elementor-clearfix\" data-tab=\"3\" role=\"tabpanel\" aria-labelledby=\"elementor-tab-title-1973\" tabindex=\"0\" hidden=\"hidden\"><h6>Die durch die Seitenbetreiber erstellten Inhalte und Werke auf diesen Seiten unterliegen dem deutschen Urheberrecht. Die Vervielf\u00e4ltigung, Bearbeitung, Verbreitung und jede Art der Verwertung au\u00dferhalb der Grenzen des Urheberrechtes bed\u00fcrfen der schriftlichen Zustimmung des jeweiligen Autors bzw. Erstellers. Downloads und Kopien dieser Seite sind nur f\u00fcr den privaten, nicht kommerziellen Gebrauch gestattet. Soweit die Inhalte auf dieser Seite nicht vom Betreiber erstellt wurden, werden die Urheberrechte Dritter beachtet. Sollten Sie trotzdem auf eine Urheberrechtsverletzung aufmerksam werden, bitten wir um einen entsprechenden Hinweis. Bei Bekanntwerden von Rechtsverletzungen werden wir derartige Inhalte umgehend entfernen.<\/h6><h6><em>The content and works created by the site operator on these pages are subject to German copyright law. Duplication, editing, distribution, and any kind of utilization outside the limits of copyright law require the written consent of the respective author or creator. Downloads and copies of this site are only permitted for private, non-commercial use. Insofar as the content on this site was not created by the operator, the copyrights of third parties are respected. Should you nevertheless become aware of a copyright infringement, please inform us accordingly. Upon notification of violations, we will remove such content immediately.<\/em><\/h6><\/div>\n\t\t\t\t\t\t\t<\/div>\n\t\t<\/div>\n\t\t\t\t\t\t<\/div>\n\t\t\t\t<div class=\"elementor-element elementor-element-dea2e9f elementor-widget elementor-widget-spacer\" data-id=\"dea2e9f\" data-element_type=\"widget\" data-e-type=\"widget\" data-widget_type=\"spacer.default\">\n\t\t\t\t\t\t\t<div class=\"elementor-spacer\">\n\t\t\t<div class=\"elementor-spacer-inner\"><\/div>\n\t\t<\/div>\n\t\t\t\t\t\t<\/div>\n\t\t\t\t\t<\/div>\n\t\t<\/div>\n\t\t\t\t\t<\/div>\n\t\t<\/section>\n\t\t\t\t<section class=\"elementor-section elementor-top-section elementor-element elementor-element-6f5b7d0 elementor-section-full_width elementor-section-stretched elementor-section-height-default elementor-section-height-default\" data-id=\"6f5b7d0\" data-element_type=\"section\" data-e-type=\"section\" data-settings=\"{&quot;stretch_section&quot;:&quot;section-stretched&quot;,&quot;background_background&quot;:&quot;classic&quot;}\">\n\t\t\t\t\t\t<div class=\"elementor-container elementor-column-gap-default\">\n\t\t\t\t\t<div class=\"elementor-column elementor-col-100 elementor-top-column elementor-element elementor-element-88d9c11\" data-id=\"88d9c11\" data-element_type=\"column\" data-e-type=\"column\">\n\t\t\t<div class=\"elementor-widget-wrap elementor-element-populated\">\n\t\t\t\t\t\t<div class=\"elementor-element elementor-element-1dc491f elementor-widget elementor-widget-text-editor\" data-id=\"1dc491f\" data-element_type=\"widget\" data-e-type=\"widget\" data-widget_type=\"text-editor.default\">\n\t\t\t\t\t\t\t\t\t<p>CHRISTOPH POPPEN<\/p><p>\u00a0<\/p>\t\t\t\t\t\t\t\t<\/div>\n\t\t\t\t<div class=\"elementor-element elementor-element-5ec8f59 elementor-widget elementor-widget-text-editor\" data-id=\"5ec8f59\" data-element_type=\"widget\" data-e-type=\"widget\" data-widget_type=\"text-editor.default\">\n\t\t\t\t\t\t\t\t\t<p>CONDUCTOR<\/p>\t\t\t\t\t\t\t\t<\/div>\n\t\t\t\t\t<\/div>\n\t\t<\/div>\n\t\t\t\t\t<\/div>\n\t\t<\/section>\n\t\t\t\t<section class=\"elementor-section elementor-top-section elementor-element elementor-element-2ea4467 elementor-section-full_width elementor-section-stretched elementor-section-height-default elementor-section-height-default\" data-id=\"2ea4467\" data-element_type=\"section\" data-e-type=\"section\" data-settings=\"{&quot;stretch_section&quot;:&quot;section-stretched&quot;,&quot;background_background&quot;:&quot;classic&quot;}\">\n\t\t\t\t\t\t<div class=\"elementor-container elementor-column-gap-default\">\n\t\t\t\t\t<div class=\"elementor-column elementor-col-33 elementor-top-column elementor-element elementor-element-30d29ca\" data-id=\"30d29ca\" data-element_type=\"column\" data-e-type=\"column\">\n\t\t\t<div class=\"elementor-widget-wrap elementor-element-populated\">\n\t\t\t\t\t\t<div class=\"elementor-element elementor-element-c2296db elementor-widget elementor-widget-text-editor\" data-id=\"c2296db\" data-element_type=\"widget\" data-e-type=\"widget\" data-widget_type=\"text-editor.default\">\n\t\t\t\t\t\t\t\t\t<p class=\"p1\"><span style=\"color: #ffffff;\">Follow<\/span><\/p>\t\t\t\t\t\t\t\t<\/div>\n\t\t\t\t<div class=\"elementor-element elementor-element-c651346 elementor-widget elementor-widget-text-editor\" data-id=\"c651346\" data-element_type=\"widget\" data-e-type=\"widget\" data-widget_type=\"text-editor.default\">\n\t\t\t\t\t\t\t\t\t<p class=\"p1\"><span style=\"color: #ffffff;\"><a style=\"color: #ffffff;\" href=\"https:\/\/www.facebook.com\/people\/Christoph-Poppen\/pfbid0a56u2jEoHtB1E6AFQgLt8s1ziXgTDFXmDHKtmYwhQ6JAjftfEMpFx3H9jwTkyaNTl\/\" target=\"_blank\" rel=\"noopener\">Facebook<\/a>\u00a0 \u00a0 <a style=\"color: #ffffff;\" href=\"https:\/\/open.spotify.com\/artist\/30l3fKhNLE1lQcn1FkrUOG\" target=\"_blank\" rel=\"noopener\">Spotify\u00a0 \u00a0 <\/a><\/span><span style=\"color: #ffffff;\"><a style=\"color: #ffffff;\" href=\"https:\/\/www.instagram.com\/christophpoppen\/\" target=\"_blank\" rel=\"noopener\">Instagram<\/a><\/span><\/p>\t\t\t\t\t\t\t\t<\/div>\n\t\t\t\t\t<\/div>\n\t\t<\/div>\n\t\t\t\t<div class=\"elementor-column elementor-col-33 elementor-top-column elementor-element elementor-element-1350ce2\" data-id=\"1350ce2\" data-element_type=\"column\" data-e-type=\"column\">\n\t\t\t<div class=\"elementor-widget-wrap elementor-element-populated\">\n\t\t\t\t\t\t<div class=\"elementor-element elementor-element-d062500 elementor-widget elementor-widget-text-editor\" data-id=\"d062500\" data-element_type=\"widget\" data-e-type=\"widget\" data-widget_type=\"text-editor.default\">\n\t\t\t\t\t\t\t\t\t<p class=\"p1\"><span style=\"color: #ffffff;\">General management<\/span><\/p><p class=\"p1\"><span style=\"color: #ffffff;\">HARRISONPARROT MUNICH<\/span><\/p><p class=\"p1\"><span style=\"color: #ffffff;\">+49 (0) 89 6797 1040 | <\/span><span style=\"color: #ffffff;\"><a style=\"color: #ffffff;\" href=\"mailto:info@harrisonparrott.de\" target=\"_blank\" rel=\"noreferrer noopener\">info@harrisonparrott.de<\/a><\/span><\/p>\t\t\t\t\t\t\t\t<\/div>\n\t\t\t\t\t<\/div>\n\t\t<\/div>\n\t\t\t\t<div class=\"elementor-column elementor-col-33 elementor-top-column elementor-element elementor-element-a4b782c\" data-id=\"a4b782c\" data-element_type=\"column\" data-e-type=\"column\">\n\t\t\t<div class=\"elementor-widget-wrap elementor-element-populated\">\n\t\t\t\t\t\t<div class=\"elementor-element elementor-element-1e2644d elementor-widget elementor-widget-text-editor\" data-id=\"1e2644d\" data-element_type=\"widget\" data-e-type=\"widget\" data-widget_type=\"text-editor.default\">\n\t\t\t\t\t\t\t\t\t<p class=\"p1\"><span style=\"color: #ffffff;\"><a style=\"color: #ffffff;\" href=\"https:\/\/christoph-poppen.com\/de\/privacy\/\">Privacy\u00a0<\/a> \u00a0 <a style=\"color: #ffffff;\" href=\"https:\/\/christoph-poppen.com\/de\/imprint\/\">Imprint<\/a><\/span><\/p>\t\t\t\t\t\t\t\t<\/div>\n\t\t\t\t<div class=\"elementor-element elementor-element-62ac57b elementor-widget elementor-widget-text-editor\" data-id=\"62ac57b\" data-element_type=\"widget\" data-e-type=\"widget\" data-widget_type=\"text-editor.default\">\n\t\t\t\t\t\t\t\t\t<p class=\"p1\">\u00a9 2025\u00a0 All rights reserved<\/p>\t\t\t\t\t\t\t\t<\/div>\n\t\t\t\t\t<\/div>\n\t\t<\/div>\n\t\t\t\t\t<\/div>\n\t\t<\/section>\n\t\t\t\t<\/div>","protected":false},"excerpt":{"rendered":"<p>Imprint &amp; Disclaimer Impressum \/ Imprint\u2028 Haftungsausschluss \/ Disclaimer Urheberrecht \/ Copyright Impressum \/ Imprint\u2028 Christoph Poppen Dirigent \/ Conductor E-Mail \/ E-mail: office@christoph-poppen.com K\u00fcnstlerische Vertretung \/ Artistic Representation HARRISONPARROT\u2028Johannisplatz 3a\u2028D \u2013 81667 M\u00fcnchen \/ Munich, Germany\u2028 Telefon \/ Phone: +49 (0)89 6797 1040\u2028 E-Mail \/ E-mail: maria.wagner@harrisonparrott.de Vertretungsberechtigte Gesch\u00e4ftsf\u00fchrerin \/ Managing Director: Sabine Frank [&hellip;]<\/p>\n","protected":false},"author":2,"featured_media":0,"parent":0,"menu_order":0,"comment_status":"closed","ping_status":"closed","template":"","meta":{"footnotes":""},"class_list":["post-5324","page","type-page","status-publish","hentry"],"_links":{"self":[{"href":"https:\/\/christoph-poppen.com\/de\/wp-json\/wp\/v2\/pages\/5324","targetHints":{"allow":["GET"]}}],"collection":[{"href":"https:\/\/christoph-poppen.com\/de\/wp-json\/wp\/v2\/pages"}],"about":[{"href":"https:\/\/christoph-poppen.com\/de\/wp-json\/wp\/v2\/types\/page"}],"author":[{"embeddable":true,"href":"https:\/\/christoph-poppen.com\/de\/wp-json\/wp\/v2\/users\/2"}],"replies":[{"embeddable":true,"href":"https:\/\/christoph-poppen.com\/de\/wp-json\/wp\/v2\/comments?post=5324"}],"version-history":[{"count":16,"href":"https:\/\/christoph-poppen.com\/de\/wp-json\/wp\/v2\/pages\/5324\/revisions"}],"predecessor-version":[{"id":6091,"href":"https:\/\/christoph-poppen.com\/de\/wp-json\/wp\/v2\/pages\/5324\/revisions\/6091"}],"wp:attachment":[{"href":"https:\/\/christoph-poppen.com\/de\/wp-json\/wp\/v2\/media?parent=5324"}],"curies":[{"name":"wp","href":"https:\/\/api.w.org\/{rel}","templated":true}]}}